{"id":518,"date":"2023-08-30T14:31:34","date_gmt":"2023-08-30T12:31:34","guid":{"rendered":"https:\/\/ozoncourir.fr\/blog\/?page_id=518"},"modified":"2025-10-22T19:11:56","modified_gmt":"2025-10-22T17:11:56","slug":"le-bureau","status":"publish","type":"page","link":"https:\/\/ozoncourir.fr\/blog\/index.php\/le-bureau\/","title":{"rendered":"Le Bureau"},"content":{"rendered":"\n<p><strong>Pr\u00e9sidente : <\/strong>Anne-S\u00e9verine Brouat<\/p>\n\n\n\n<p><strong>Secr\u00e9taire :<\/strong> Nathalie Mazaudet  &#8211; Thierry Huard (Adjoint)<\/p>\n\n\n\n<p><strong>Tr\u00e9sorier<\/strong> :  Marc Sanouillet &#8211; Emmanuel Navarro (Adjoint)<\/p>\n\n\n\n<p><strong>Animation Club :<\/strong>    Fr\u00e9d\u00e9ric Barale &#8211; Jean-Baptiste Becart &#8211; Bernard Bonin &#8211; Laurent Diosse &#8211; Pierre-Yves Lapauw<\/p>\n\n\n\n<p><\/p>\n","protected":false},"excerpt":{"rendered":"<p>Pr\u00e9sidente : Anne-S\u00e9verine Brouat Secr\u00e9taire : Nathalie Mazaudet &#8211; Thierry Huard (Adjoint) Tr\u00e9sorier : Marc Sanouillet &#8211; Emmanuel Navarro (Adjoint) Animation Club : Fr\u00e9d\u00e9ric Barale &#8211; Jean-Baptiste Becart &#8211; Bernard Bonin &#8211; Laurent Diosse &#8211; Pierre-Yves Lapauw<\/p>\n","protected":false},"author":1,"featured_media":0,"parent":0,"menu_order":0,"comment_status":"closed","ping_status":"closed","template":"","meta":{"neve_meta_sidebar":"","neve_meta_container":"","neve_meta_enable_content_width":"","neve_meta_content_width":0,"neve_meta_title_alignment":"","neve_meta_author_avatar":"","neve_post_elements_order":"","neve_meta_disable_header":"","neve_meta_disable_footer":"","neve_meta_disable_title":"","_ti_tpc_template_sync":false,"_ti_tpc_template_id":"","footnotes":""},"_links":{"self":[{"href":"https:\/\/ozoncourir.fr\/blog\/index.php\/wp-json\/wp\/v2\/pages\/518"}],"collection":[{"href":"https:\/\/ozoncourir.fr\/blog\/index.php\/wp-json\/wp\/v2\/pages"}],"about":[{"href":"https:\/\/ozoncourir.fr\/blog\/index.php\/wp-json\/wp\/v2\/types\/page"}],"author":[{"embeddable":true,"href":"https:\/\/ozoncourir.fr\/blog\/index.php\/wp-json\/wp\/v2\/users\/1"}],"replies":[{"embeddable":true,"href":"https:\/\/ozoncourir.fr\/blog\/index.php\/wp-json\/wp\/v2\/comments?post=518"}],"version-history":[{"count":9,"href":"https:\/\/ozoncourir.fr\/blog\/index.php\/wp-json\/wp\/v2\/pages\/518\/revisions"}],"predecessor-version":[{"id":580,"href":"https:\/\/ozoncourir.fr\/blog\/index.php\/wp-json\/wp\/v2\/pages\/518\/revisions\/580"}],"wp:attachment":[{"href":"https:\/\/ozoncourir.fr\/blog\/index.php\/wp-json\/wp\/v2\/media?parent=518"}],"curies":[{"name":"wp","href":"https:\/\/api.w.org\/{rel}","templated":true}]}}