{"id":29,"date":"2016-08-22T10:22:57","date_gmt":"2016-08-22T09:22:57","guid":{"rendered":"http:\/\/ozoncourir.fr\/blog\/?page_id=29"},"modified":"2023-09-01T16:52:52","modified_gmt":"2023-09-01T14:52:52","slug":"le-club","status":"publish","type":"page","link":"https:\/\/ozoncourir.fr\/blog\/","title":{"rendered":"Le Club"},"content":{"rendered":"\n<p><a href=\"https:\/\/ozoncourir.fr\/blog\/wp-admin\/edit.php?post_type=page\"><\/a><\/p>\n\n\n\n<p>Club bas\u00e9 sur Saint Symphorien d&rsquo;Ozon (69).<\/p>\n\n\n\n<div class=\"wp-block-group is-layout-constrained wp-block-group-is-layout-constrained\"><div class=\"wp-block-group__inner-container\">\n<p>Nos s\u00e9ances partent soit du stade de foot (Saint Symphorien d&rsquo;Ozon), soit de la Mairie de Simandres <br> et nous emm\u00e8nent sur les communes de Serezin, Communay, Ternay, Marennes, Simandres, Chaponnay, Villette de VIenne, Chuzelles&#8230;<\/p>\n<\/div><\/div>\n\n\n\n<p>Un terrain de jeux id\u00e9al pour des parcours Trail et\/ou des parcours plus roulants.<\/p>\n\n\n\n<p>Le descriptif de nos s\u00e9ances est disponible <a href=\"https:\/\/ozoncourir.fr\/blog\/index.php\/nos-seances\/\">sur cette page.<\/a><\/p>\n\n\n\n<p>Des entra\u00eenements d\u00e9centralis\u00e9s sont propos\u00e9s au cours de la saison  pour d\u00e9couvrir d&rsquo;autres lieux.<\/p>\n\n\n\n<p>Tout le monde est attendu et accueilli dans une ambiance tr\u00e8s conviviale.<\/p>\n\n\n\n<p>N&rsquo;h\u00e9sitez pas \u00e0 nous rejoindre &#8230;<\/p>\n\n\n\n<p>Vous pouvez nous \u00e9crire \u00e0 l&rsquo;adresse suivante : contact@ozoncourir.fr<\/p>\n\n\n\n<ul class=\"wp-block-social-links has-normal-icon-size is-layout-flex wp-block-social-links-is-layout-flex\"><li class=\"wp-social-link wp-social-link-facebook  wp-block-social-link\"><a href=\"https:\/\/www.facebook.com\/groups\/273857499768373\" class=\"wp-block-social-link-anchor\"><svg width=\"24\" height=\"24\" viewBox=\"0 0 24 24\" version=\"1.1\" xmlns=\"http:\/\/www.w3.org\/2000\/svg\" aria-hidden=\"true\" focusable=\"false\"><path d=\"M12 2C6.5 2 2 6.5 2 12c0 5 3.7 9.1 8.4 9.9v-7H7.9V12h2.5V9.8c0-2.5 1.5-3.9 3.8-3.9 1.1 0 2.2.2 2.2.2v2.5h-1.3c-1.2 0-1.6.8-1.6 1.6V12h2.8l-.4 2.9h-2.3v7C18.3 21.1 22 17 22 12c0-5.5-4.5-10-10-10z\"><\/path><\/svg><span class=\"wp-block-social-link-label screen-reader-text\">Facebook<\/span><\/a><\/li><\/ul>\n\n\n\n<p class=\"has-small-font-size\"><\/p>\n\n\n\n<div class=\"wp-block-columns is-layout-flex wp-container-6 wp-block-columns-is-layout-flex\">\n<div class=\"wp-block-column has-small-font-size is-layout-flow wp-block-column-is-layout-flow\">\n<figure class=\"wp-block-gallery has-nested-images columns-default is-cropped wp-block-gallery-3 is-layout-flex wp-block-gallery-is-layout-flex\">\n<figure class=\"wp-block-image size-large\"><img decoding=\"async\" loading=\"lazy\" width=\"1024\" height=\"768\" src=\"https:\/\/ozoncourir.fr\/blog\/wp-content\/uploads\/2023\/08\/IMG-20230506-WA0002-1-1024x768.jpg\" alt=\"\" class=\"wp-image-463\" srcset=\"https:\/\/ozoncourir.fr\/blog\/wp-content\/uploads\/2023\/08\/IMG-20230506-WA0002-1-1024x768.jpg 1024w, https:\/\/ozoncourir.fr\/blog\/wp-content\/uploads\/2023\/08\/IMG-20230506-WA0002-1-300x225.jpg 300w, https:\/\/ozoncourir.fr\/blog\/wp-content\/uploads\/2023\/08\/IMG-20230506-WA0002-1-768x576.jpg 768w, https:\/\/ozoncourir.fr\/blog\/wp-content\/uploads\/2023\/08\/IMG-20230506-WA0002-1.jpg 1408w\" sizes=\"(max-width: 1024px) 100vw, 1024px\" \/><\/figure>\n\n\n\n<figure class=\"wp-block-image size-large\"><img decoding=\"async\" loading=\"lazy\" width=\"1024\" height=\"576\" src=\"https:\/\/ozoncourir.fr\/blog\/wp-content\/uploads\/2023\/08\/IMG-20230402-WA0030-1024x576.jpg\" alt=\"\" class=\"wp-image-448\" srcset=\"https:\/\/ozoncourir.fr\/blog\/wp-content\/uploads\/2023\/08\/IMG-20230402-WA0030-1024x576.jpg 1024w, https:\/\/ozoncourir.fr\/blog\/wp-content\/uploads\/2023\/08\/IMG-20230402-WA0030-300x169.jpg 300w, https:\/\/ozoncourir.fr\/blog\/wp-content\/uploads\/2023\/08\/IMG-20230402-WA0030-768x432.jpg 768w, https:\/\/ozoncourir.fr\/blog\/wp-content\/uploads\/2023\/08\/IMG-20230402-WA0030.jpg 1325w\" sizes=\"(max-width: 1024px) 100vw, 1024px\" \/><\/figure>\n\n\n\n<figure class=\"wp-block-image size-large\"><img decoding=\"async\" loading=\"lazy\" width=\"1024\" height=\"768\" src=\"https:\/\/ozoncourir.fr\/blog\/wp-content\/uploads\/2023\/08\/IMG-20230617-WA0051-1024x768.jpg\" alt=\"\" class=\"wp-image-449\" srcset=\"https:\/\/ozoncourir.fr\/blog\/wp-content\/uploads\/2023\/08\/IMG-20230617-WA0051-1024x768.jpg 1024w, https:\/\/ozoncourir.fr\/blog\/wp-content\/uploads\/2023\/08\/IMG-20230617-WA0051-300x225.jpg 300w, https:\/\/ozoncourir.fr\/blog\/wp-content\/uploads\/2023\/08\/IMG-20230617-WA0051-768x576.jpg 768w, https:\/\/ozoncourir.fr\/blog\/wp-content\/uploads\/2023\/08\/IMG-20230617-WA0051-1536x1152.jpg 1536w, https:\/\/ozoncourir.fr\/blog\/wp-content\/uploads\/2023\/08\/IMG-20230617-WA0051-1568x1176.jpg 1568w, https:\/\/ozoncourir.fr\/blog\/wp-content\/uploads\/2023\/08\/IMG-20230617-WA0051.jpg 1824w\" sizes=\"(max-width: 1024px) 100vw, 1024px\" \/><\/figure>\n\n\n\n<figure class=\"wp-block-image size-large\"><img decoding=\"async\" loading=\"lazy\" width=\"1024\" height=\"768\" src=\"https:\/\/ozoncourir.fr\/blog\/wp-content\/uploads\/2023\/08\/357694197_6253558061358963_2705430543911241138_n-1024x768.jpg\" alt=\"\" class=\"wp-image-450\" srcset=\"https:\/\/ozoncourir.fr\/blog\/wp-content\/uploads\/2023\/08\/357694197_6253558061358963_2705430543911241138_n-1024x768.jpg 1024w, https:\/\/ozoncourir.fr\/blog\/wp-content\/uploads\/2023\/08\/357694197_6253558061358963_2705430543911241138_n-300x225.jpg 300w, https:\/\/ozoncourir.fr\/blog\/wp-content\/uploads\/2023\/08\/357694197_6253558061358963_2705430543911241138_n-768x576.jpg 768w, https:\/\/ozoncourir.fr\/blog\/wp-content\/uploads\/2023\/08\/357694197_6253558061358963_2705430543911241138_n-1536x1152.jpg 1536w, https:\/\/ozoncourir.fr\/blog\/wp-content\/uploads\/2023\/08\/357694197_6253558061358963_2705430543911241138_n-1568x1176.jpg 1568w, https:\/\/ozoncourir.fr\/blog\/wp-content\/uploads\/2023\/08\/357694197_6253558061358963_2705430543911241138_n.jpg 2048w\" sizes=\"(max-width: 1024px) 100vw, 1024px\" \/><\/figure>\n\n\n\n<figure class=\"wp-block-image size-large\"><img decoding=\"async\" loading=\"lazy\" width=\"1024\" height=\"768\" src=\"https:\/\/ozoncourir.fr\/blog\/wp-content\/uploads\/2023\/08\/IMG-20230402-WA0060-1024x768.jpg\" alt=\"\" class=\"wp-image-451\" srcset=\"https:\/\/ozoncourir.fr\/blog\/wp-content\/uploads\/2023\/08\/IMG-20230402-WA0060-1024x768.jpg 1024w, https:\/\/ozoncourir.fr\/blog\/wp-content\/uploads\/2023\/08\/IMG-20230402-WA0060-300x225.jpg 300w, https:\/\/ozoncourir.fr\/blog\/wp-content\/uploads\/2023\/08\/IMG-20230402-WA0060-768x576.jpg 768w, https:\/\/ozoncourir.fr\/blog\/wp-content\/uploads\/2023\/08\/IMG-20230402-WA0060-1536x1152.jpg 1536w, https:\/\/ozoncourir.fr\/blog\/wp-content\/uploads\/2023\/08\/IMG-20230402-WA0060-1568x1176.jpg 1568w, https:\/\/ozoncourir.fr\/blog\/wp-content\/uploads\/2023\/08\/IMG-20230402-WA0060.jpg 2048w\" sizes=\"(max-width: 1024px) 100vw, 1024px\" \/><\/figure>\n\n\n\n<figure class=\"wp-block-image size-large\"><img decoding=\"async\" loading=\"lazy\" width=\"1024\" height=\"768\" src=\"https:\/\/ozoncourir.fr\/blog\/wp-content\/uploads\/2023\/08\/IMG-20230402-WA0056-1024x768.jpg\" alt=\"\" class=\"wp-image-453\" srcset=\"https:\/\/ozoncourir.fr\/blog\/wp-content\/uploads\/2023\/08\/IMG-20230402-WA0056-1024x768.jpg 1024w, https:\/\/ozoncourir.fr\/blog\/wp-content\/uploads\/2023\/08\/IMG-20230402-WA0056-300x225.jpg 300w, https:\/\/ozoncourir.fr\/blog\/wp-content\/uploads\/2023\/08\/IMG-20230402-WA0056-768x576.jpg 768w, https:\/\/ozoncourir.fr\/blog\/wp-content\/uploads\/2023\/08\/IMG-20230402-WA0056-1536x1152.jpg 1536w, https:\/\/ozoncourir.fr\/blog\/wp-content\/uploads\/2023\/08\/IMG-20230402-WA0056-1568x1176.jpg 1568w, https:\/\/ozoncourir.fr\/blog\/wp-content\/uploads\/2023\/08\/IMG-20230402-WA0056.jpg 2016w\" sizes=\"(max-width: 1024px) 100vw, 1024px\" \/><\/figure>\n\n\n\n<figure class=\"wp-block-image size-large\"><img decoding=\"async\" loading=\"lazy\" width=\"1024\" height=\"768\" src=\"https:\/\/ozoncourir.fr\/blog\/wp-content\/uploads\/2023\/08\/IMG-20230401-WA0064-1024x768.jpg\" alt=\"\" class=\"wp-image-457\" srcset=\"https:\/\/ozoncourir.fr\/blog\/wp-content\/uploads\/2023\/08\/IMG-20230401-WA0064-1024x768.jpg 1024w, https:\/\/ozoncourir.fr\/blog\/wp-content\/uploads\/2023\/08\/IMG-20230401-WA0064-300x225.jpg 300w, https:\/\/ozoncourir.fr\/blog\/wp-content\/uploads\/2023\/08\/IMG-20230401-WA0064-768x576.jpg 768w, https:\/\/ozoncourir.fr\/blog\/wp-content\/uploads\/2023\/08\/IMG-20230401-WA0064-1536x1152.jpg 1536w, https:\/\/ozoncourir.fr\/blog\/wp-content\/uploads\/2023\/08\/IMG-20230401-WA0064-1568x1176.jpg 1568w, https:\/\/ozoncourir.fr\/blog\/wp-content\/uploads\/2023\/08\/IMG-20230401-WA0064.jpg 2016w\" sizes=\"(max-width: 1024px) 100vw, 1024px\" \/><\/figure>\n\n\n\n<figure class=\"wp-block-image size-large\"><img decoding=\"async\" loading=\"lazy\" width=\"768\" height=\"1024\" src=\"https:\/\/ozoncourir.fr\/blog\/wp-content\/uploads\/2023\/08\/IMG-20230508-WA0003-768x1024.jpg\" alt=\"\" class=\"wp-image-456\" srcset=\"https:\/\/ozoncourir.fr\/blog\/wp-content\/uploads\/2023\/08\/IMG-20230508-WA0003-768x1024.jpg 768w, https:\/\/ozoncourir.fr\/blog\/wp-content\/uploads\/2023\/08\/IMG-20230508-WA0003-225x300.jpg 225w, https:\/\/ozoncourir.fr\/blog\/wp-content\/uploads\/2023\/08\/IMG-20230508-WA0003-1152x1536.jpg 1152w, https:\/\/ozoncourir.fr\/blog\/wp-content\/uploads\/2023\/08\/IMG-20230508-WA0003.jpg 1200w\" sizes=\"(max-width: 768px) 100vw, 768px\" \/><\/figure>\n\n\n\n<figure class=\"wp-block-image size-large\"><img decoding=\"async\" loading=\"lazy\" width=\"1024\" height=\"768\" src=\"https:\/\/ozoncourir.fr\/blog\/wp-content\/uploads\/2023\/08\/IMG-20230604-WA0005-1024x768.jpg\" alt=\"\" class=\"wp-image-455\" srcset=\"https:\/\/ozoncourir.fr\/blog\/wp-content\/uploads\/2023\/08\/IMG-20230604-WA0005-1024x768.jpg 1024w, https:\/\/ozoncourir.fr\/blog\/wp-content\/uploads\/2023\/08\/IMG-20230604-WA0005-300x225.jpg 300w, https:\/\/ozoncourir.fr\/blog\/wp-content\/uploads\/2023\/08\/IMG-20230604-WA0005-768x576.jpg 768w, https:\/\/ozoncourir.fr\/blog\/wp-content\/uploads\/2023\/08\/IMG-20230604-WA0005-1536x1152.jpg 1536w, https:\/\/ozoncourir.fr\/blog\/wp-content\/uploads\/2023\/08\/IMG-20230604-WA0005-1568x1176.jpg 1568w, https:\/\/ozoncourir.fr\/blog\/wp-content\/uploads\/2023\/08\/IMG-20230604-WA0005.jpg 1600w\" sizes=\"(max-width: 1024px) 100vw, 1024px\" \/><\/figure>\n\n\n\n<figure class=\"wp-block-image size-large\"><img decoding=\"async\" loading=\"lazy\" width=\"1024\" height=\"768\" src=\"https:\/\/ozoncourir.fr\/blog\/wp-content\/uploads\/2023\/08\/IMG-20230402-WA0057-1024x768.jpg\" alt=\"\" class=\"wp-image-454\" srcset=\"https:\/\/ozoncourir.fr\/blog\/wp-content\/uploads\/2023\/08\/IMG-20230402-WA0057-1024x768.jpg 1024w, https:\/\/ozoncourir.fr\/blog\/wp-content\/uploads\/2023\/08\/IMG-20230402-WA0057-300x225.jpg 300w, https:\/\/ozoncourir.fr\/blog\/wp-content\/uploads\/2023\/08\/IMG-20230402-WA0057-768x576.jpg 768w, https:\/\/ozoncourir.fr\/blog\/wp-content\/uploads\/2023\/08\/IMG-20230402-WA0057-1536x1152.jpg 1536w, https:\/\/ozoncourir.fr\/blog\/wp-content\/uploads\/2023\/08\/IMG-20230402-WA0057-1568x1176.jpg 1568w, https:\/\/ozoncourir.fr\/blog\/wp-content\/uploads\/2023\/08\/IMG-20230402-WA0057.jpg 2016w\" sizes=\"(max-width: 1024px) 100vw, 1024px\" \/><\/figure>\n\n\n\n<figure class=\"wp-block-image size-large\"><img decoding=\"async\" loading=\"lazy\" width=\"1024\" height=\"768\" src=\"https:\/\/ozoncourir.fr\/blog\/wp-content\/uploads\/2023\/08\/IMG-20230402-WA0158-1024x768.jpg\" alt=\"\" class=\"wp-image-447\" srcset=\"https:\/\/ozoncourir.fr\/blog\/wp-content\/uploads\/2023\/08\/IMG-20230402-WA0158-1024x768.jpg 1024w, https:\/\/ozoncourir.fr\/blog\/wp-content\/uploads\/2023\/08\/IMG-20230402-WA0158-300x225.jpg 300w, https:\/\/ozoncourir.fr\/blog\/wp-content\/uploads\/2023\/08\/IMG-20230402-WA0158-768x576.jpg 768w, https:\/\/ozoncourir.fr\/blog\/wp-content\/uploads\/2023\/08\/IMG-20230402-WA0158-1536x1152.jpg 1536w, https:\/\/ozoncourir.fr\/blog\/wp-content\/uploads\/2023\/08\/IMG-20230402-WA0158-1568x1176.jpg 1568w, https:\/\/ozoncourir.fr\/blog\/wp-content\/uploads\/2023\/08\/IMG-20230402-WA0158.jpg 1600w\" sizes=\"(max-width: 1024px) 100vw, 1024px\" \/><\/figure>\n\n\n\n<figure class=\"wp-block-image size-large\"><img decoding=\"async\" loading=\"lazy\" width=\"1024\" height=\"576\" src=\"https:\/\/ozoncourir.fr\/blog\/wp-content\/uploads\/2023\/08\/IMG-20230617-WA0046-1024x576.jpg\" alt=\"\" class=\"wp-image-458\" srcset=\"https:\/\/ozoncourir.fr\/blog\/wp-content\/uploads\/2023\/08\/IMG-20230617-WA0046-1024x576.jpg 1024w, https:\/\/ozoncourir.fr\/blog\/wp-content\/uploads\/2023\/08\/IMG-20230617-WA0046-300x169.jpg 300w, https:\/\/ozoncourir.fr\/blog\/wp-content\/uploads\/2023\/08\/IMG-20230617-WA0046-768x432.jpg 768w, https:\/\/ozoncourir.fr\/blog\/wp-content\/uploads\/2023\/08\/IMG-20230617-WA0046-1536x864.jpg 1536w, https:\/\/ozoncourir.fr\/blog\/wp-content\/uploads\/2023\/08\/IMG-20230617-WA0046-1568x882.jpg 1568w, https:\/\/ozoncourir.fr\/blog\/wp-content\/uploads\/2023\/08\/IMG-20230617-WA0046.jpg 2016w\" sizes=\"(max-width: 1024px) 100vw, 1024px\" \/><\/figure>\n\n\n\n<figure class=\"wp-block-image size-large\"><img decoding=\"async\" loading=\"lazy\" width=\"1024\" height=\"658\" src=\"https:\/\/ozoncourir.fr\/blog\/wp-content\/uploads\/2023\/08\/344338213_186903570936624_3745076165942406469_n-1024x658.jpg\" alt=\"\" class=\"wp-image-446\" srcset=\"https:\/\/ozoncourir.fr\/blog\/wp-content\/uploads\/2023\/08\/344338213_186903570936624_3745076165942406469_n-1024x658.jpg 1024w, https:\/\/ozoncourir.fr\/blog\/wp-content\/uploads\/2023\/08\/344338213_186903570936624_3745076165942406469_n-300x193.jpg 300w, https:\/\/ozoncourir.fr\/blog\/wp-content\/uploads\/2023\/08\/344338213_186903570936624_3745076165942406469_n-768x494.jpg 768w, https:\/\/ozoncourir.fr\/blog\/wp-content\/uploads\/2023\/08\/344338213_186903570936624_3745076165942406469_n-1536x987.jpg 1536w, https:\/\/ozoncourir.fr\/blog\/wp-content\/uploads\/2023\/08\/344338213_186903570936624_3745076165942406469_n-1568x1008.jpg 1568w, https:\/\/ozoncourir.fr\/blog\/wp-content\/uploads\/2023\/08\/344338213_186903570936624_3745076165942406469_n.jpg 1598w\" sizes=\"(max-width: 1024px) 100vw, 1024px\" \/><\/figure>\n\n\n\n<figure class=\"wp-block-image size-large\"><img decoding=\"async\" loading=\"lazy\" width=\"1024\" height=\"576\" src=\"https:\/\/ozoncourir.fr\/blog\/wp-content\/uploads\/2023\/08\/IMG-20230617-WA0049-1024x576.jpg\" alt=\"\" class=\"wp-image-547\" srcset=\"https:\/\/ozoncourir.fr\/blog\/wp-content\/uploads\/2023\/08\/IMG-20230617-WA0049-1024x576.jpg 1024w, https:\/\/ozoncourir.fr\/blog\/wp-content\/uploads\/2023\/08\/IMG-20230617-WA0049-300x169.jpg 300w, https:\/\/ozoncourir.fr\/blog\/wp-content\/uploads\/2023\/08\/IMG-20230617-WA0049-768x432.jpg 768w, https:\/\/ozoncourir.fr\/blog\/wp-content\/uploads\/2023\/08\/IMG-20230617-WA0049-1536x864.jpg 1536w, https:\/\/ozoncourir.fr\/blog\/wp-content\/uploads\/2023\/08\/IMG-20230617-WA0049.jpg 2016w\" sizes=\"(max-width: 1024px) 100vw, 1024px\" \/><\/figure>\n\n\n\n<figure class=\"wp-block-image size-large\"><img decoding=\"async\" loading=\"lazy\" width=\"1024\" height=\"766\" src=\"https:\/\/ozoncourir.fr\/blog\/wp-content\/uploads\/2023\/08\/345293707_1583472198806775_503625016680343058_n-1024x766.jpg\" alt=\"\" class=\"wp-image-548\" srcset=\"https:\/\/ozoncourir.fr\/blog\/wp-content\/uploads\/2023\/08\/345293707_1583472198806775_503625016680343058_n-1024x766.jpg 1024w, https:\/\/ozoncourir.fr\/blog\/wp-content\/uploads\/2023\/08\/345293707_1583472198806775_503625016680343058_n-300x224.jpg 300w, https:\/\/ozoncourir.fr\/blog\/wp-content\/uploads\/2023\/08\/345293707_1583472198806775_503625016680343058_n-768x575.jpg 768w, https:\/\/ozoncourir.fr\/blog\/wp-content\/uploads\/2023\/08\/345293707_1583472198806775_503625016680343058_n-1536x1149.jpg 1536w, https:\/\/ozoncourir.fr\/blog\/wp-content\/uploads\/2023\/08\/345293707_1583472198806775_503625016680343058_n.jpg 1600w\" sizes=\"(max-width: 1024px) 100vw, 1024px\" \/><\/figure>\n<\/figure>\n<\/div>\n<\/div>\n","protected":false},"excerpt":{"rendered":"<p>Club bas\u00e9 sur Saint Symphorien d&rsquo;Ozon (69). Nos s\u00e9ances partent soit du stade de foot (Saint Symphorien d&rsquo;Ozon), soit de la Mairie de Simandres et nous emm\u00e8nent sur les communes de Serezin, Communay, Ternay, Marennes, Simandres, Chaponnay, Villette de VIenne, Chuzelles&#8230; Un terrain de jeux id\u00e9al pour des parcours Trail et\/ou des parcours plus roulants.&hellip;&nbsp;<a href=\"https:\/\/ozoncourir.fr\/blog\/\" class=\"\" rel=\"bookmark\">Lire la suite &raquo;<span class=\"screen-reader-text\">Le Club<\/span><\/a><\/p>\n","protected":false},"author":1,"featured_media":0,"parent":0,"menu_order":0,"comment_status":"closed","ping_status":"closed","template":"","meta":{"neve_meta_sidebar":"","neve_meta_container":"","neve_meta_enable_content_width":"","neve_meta_content_width":0,"neve_meta_title_alignment":"","neve_meta_author_avatar":"","neve_post_elements_order":"","neve_meta_disable_header":"off","neve_meta_disable_footer":"","neve_meta_disable_title":"","_ti_tpc_template_sync":false,"_ti_tpc_template_id":"","footnotes":""},"_links":{"self":[{"href":"https:\/\/ozoncourir.fr\/blog\/index.php\/wp-json\/wp\/v2\/pages\/29"}],"collection":[{"href":"https:\/\/ozoncourir.fr\/blog\/index.php\/wp-json\/wp\/v2\/pages"}],"about":[{"href":"https:\/\/ozoncourir.fr\/blog\/index.php\/wp-json\/wp\/v2\/types\/page"}],"author":[{"embeddable":true,"href":"https:\/\/ozoncourir.fr\/blog\/index.php\/wp-json\/wp\/v2\/users\/1"}],"replies":[{"embeddable":true,"href":"https:\/\/ozoncourir.fr\/blog\/index.php\/wp-json\/wp\/v2\/comments?post=29"}],"version-history":[{"count":43,"href":"https:\/\/ozoncourir.fr\/blog\/index.php\/wp-json\/wp\/v2\/pages\/29\/revisions"}],"predecessor-version":[{"id":553,"href":"https:\/\/ozoncourir.fr\/blog\/index.php\/wp-json\/wp\/v2\/pages\/29\/revisions\/553"}],"wp:attachment":[{"href":"https:\/\/ozoncourir.fr\/blog\/index.php\/wp-json\/wp\/v2\/media?parent=29"}],"curies":[{"name":"wp","href":"https:\/\/api.w.org\/{rel}","templated":true}]}}